{"id":10058,"date":"2018-09-19T14:01:08","date_gmt":"2018-09-19T12:01:08","guid":{"rendered":"https:\/\/atomiqconsulting.com\/main\/"},"modified":"2025-10-02T19:41:55","modified_gmt":"2025-10-02T17:41:55","slug":"main","status":"publish","type":"page","link":"https:\/\/atomiqconsulting.com\/es\/main\/","title":{"rendered":"Atomiq Consulting &#8211; Soluciones de Consulta Forex [del Mercado de Divisas] de la A a la Z."},"content":{"rendered":"<div class=\"wpb-content-wrapper\"><p>[vc_row full_width=&#8221;stretch_row_content_no_spaces&#8221; css=&#8221;div#breadcrumbs{display: none;}.vc_custom_1537198744239{margin-top: 0px !important;}&#8221;][vc_column][vc_column_text css=&#8221;.vc_custom_1537272612759{margin-right: 0px !important;}&#8221;]<\/p>\n<div class=\"container-fluid about-services\">\n<div class=\"container\">\n<div class=\"row\">\n<div class=\"col-xl-12 text-wrapper\">\n<h2><span style=\"font-weight: 400;\">Servicios de Consultor\u00eda<\/span><\/h2>\n<h2><span style=\"font-weight: 400;\">de Forex Broker [Operador del Mercado de Divisas].<\/span><\/h2>\n<ul>\n<li>Servicios de Licencia de Forex Broker [Operador del Mercado de Divisas] &#8211; FCA [Autoridad de Conducta Financiera] (por sus siglas en ingl\u00e9s) en Inglaterra, Uni\u00f3n Europea (EU, por sus siglas en ingl\u00e9s), Offshore [Operaciones Extraterritoriales].<\/li>\n<li><span style=\"font-weight: 400;\">MT4 \/ MT5 White Labels, \u043b\u0438\u043a\u0432\u0438\u0434\u043d\u043e\u0441\u0442\u044c \u0438 Data Feed<\/span><\/li>\n<li>White Labels [Etiquetas Blancas] MT4\/MT5, Liquidity [Liquidez] y Data Feed Sistema de Alimentaci\u00f3n de Datos.<\/li>\n<li>Forex Brokers [Operadores del Mercado de Divisas] para Venta.<\/li>\n<li><span style=\"font-weight: 400;\">Cryptocurrency Licenses &amp; Liquidity [Licencias de criptodivisas y liquidez].<\/span><\/li>\n<li>Cuentas bancarias, PSPs [Proveedores de Servicios de Pagos] (por sus siglas en ingl\u00e9s) y Payment Gateways for Forex Brokers [Receptor\u00edas de Pago para Operadores del Mercado de Divisas].<\/li>\n<\/ul>\n<\/div>\n<\/div>\n<\/div>\n<\/div>\n<div class=\"container service service-rus\" style=\"max-width: 1200px;\">\n<div class=\"row justify-content-center\">\n<div class=\"col-12 col-xl-12 text-wrapper\">\n<h2><span style=\"font-weight: 400;\">Descubra nuestros servicios.<\/span><\/h2>\n<p>Nos especializamos en servicios de consultor\u00eda para Forex Brokers [Operadores del Mercado de Divisas] de todas formas y tama\u00f1os.<\/p>\n<\/div>\n<\/div>\n<div class=\"row justify-content-center\">\n<div class=\"col-xl-4 item\">\n<p><img decoding=\"async\" width=\"60\" height=\"58\" class=\"alignnone size-full wp-image-3955\" src=\"https:\/\/atomiqconsulting.com\/wp-content\/uploads\/2018\/09\/icon1.png\" alt=\"\" srcset=\"https:\/\/atomiqconsulting.com\/wp-content\/uploads\/2018\/09\/icon1.png 60w, https:\/\/atomiqconsulting.com\/wp-content\/uploads\/2018\/09\/icon1-45x45.png 45w\" sizes=\"(max-width: 60px) 100vw, 60px\" \/><\/p>\n<h3>MT4 \/ MT5 White Labels [Etiquetas Blancas MT4 \/ MT5]<\/h3>\n<p><span style=\"font-weight: 400;\">Nuestros paquetes de White Label [Etiqueta Blanca] incluyen acceso a liquidez de Tier 1 [Nivel 1] y una Data Feed [Fuente de Alimentaci\u00f3n de datos] para los siguientes productos comerciales: Forex [Mercado de Divisas], Stocks [Acciones], Commodities [Productos B\u00e1sicos], Precious Metals [Metales Preciosos] y criptodivisas.<\/span><\/p>\n<\/div>\n<div class=\"col-xl-4 item\">\n<p><img decoding=\"async\" width=\"54\" height=\"50\" class=\"alignnone size-full wp-image-3958\" src=\"https:\/\/atomiqconsulting.com\/wp-content\/uploads\/2018\/09\/icon2.png\" alt=\"\" \/><\/p>\n<h3>Licencias para Forex Brokers [Operadores del Mercado de Divisas].<\/h3>\n<p><span style=\"font-weight: 400;\">Podemos ayudarle a obtener una licencia en jurisdicciones Offshore [jurisdicciones fiscales m\u00e1s ligeras] tales como Mauricio, Bahamas y las Islas Caim\u00e1n. Adem\u00e1s, podemos ayudarlo a solicitar sus licencias FCA [Autoridad de Conducta Financiera] (por sus siglas en ingl\u00e9s) en Inglaterra, o CySec [de la Comisi\u00f3n de Bolsa y Valores de Chipre], (por sus siglas en ingl\u00e9s) de Forex Broker [Operador del Mercado de Divisas].<\/span><\/p>\n<\/div>\n<div class=\"col-xl-4 item\">\n<p><img decoding=\"async\" width=\"57\" height=\"59\" class=\"alignnone size-full wp-image-3961\" src=\"https:\/\/atomiqconsulting.com\/wp-content\/uploads\/2018\/09\/icon3.png\" alt=\"\" \/><\/p>\n<h3>Servicios Bancarios, Payment Gateways [Receptor\u00edas de Pago] y PSPs [Proveedores de Servicios de Pagos] (por sus siglas en ingl\u00e9s).<\/h3>\n<p><span style=\"font-weight: 400;\">Nuestro equipo de expertos le ayudar\u00e1 a su Forex Broker [Operador del Mercado de Divisas] a solicitar una cuenta bancaria, una Payment Gateway [Receptor\u00eda de Pago] o un PSP [Proveedor de Servicios de Pago] (por sus siglas en ingl\u00e9s) en una variedad de jurisdicciones mundiales.<\/span><\/p>\n<\/div>\n<\/div>\n<div class=\"row justify-content-center\">\n<div class=\"col-xl-4 item\">\n<p><img decoding=\"async\" width=\"49\" height=\"54\" class=\"alignnone size-full wp-image-3964\" src=\"https:\/\/atomiqconsulting.com\/wp-content\/uploads\/2018\/09\/icon4.png\" alt=\"\" \/><\/p>\n<h3>Inicie usted una plataforma de intercambio de criptodivisas.<\/h3>\n<p>Proporcionamos todos los servicios para que usted comience su propio operador de criptodivisas: obtenci\u00f3n de permisos para licencias, liquidity [proveedor de liquidez], constituci\u00f3n de compa\u00f1\u00eda y, \u00a1m\u00e1s!<\/p>\n<\/div>\n<div class=\"col-xl-4 item\">\n<p><img decoding=\"async\" width=\"53\" height=\"58\" class=\"alignnone size-full wp-image-3967\" src=\"https:\/\/atomiqconsulting.com\/wp-content\/uploads\/2018\/09\/icon5.png\" alt=\"\" \/><\/p>\n<h3>Forex [Mercado de Divisas] y Prospectos de Criptodivisas y Tr\u00e1fico.<\/h3>\n<p>Servicios de generaci\u00f3n de prospectos en tiempo real y tr\u00e1fico para el mercado Forex [Mercados de Divisas] y los Mercados de Criptodivisas.<\/p>\n<\/div>\n<div class=\"col-xl-4 item\">\n<p><img decoding=\"async\" width=\"58\" height=\"57\" class=\"alignnone size-full wp-image-3970\" src=\"https:\/\/atomiqconsulting.com\/wp-content\/uploads\/2018\/09\/icon6.png\" alt=\"\" srcset=\"https:\/\/atomiqconsulting.com\/wp-content\/uploads\/2018\/09\/icon6.png 58w, https:\/\/atomiqconsulting.com\/wp-content\/uploads\/2018\/09\/icon6-45x45.png 45w\" sizes=\"(max-width: 58px) 100vw, 58px\" \/><\/p>\n<h3>Servicios de Constituci\u00f3n de Compa\u00f1\u00edas<\/h3>\n<p>Si usted desea crear su propio Forex Broker [Operador del Mercado de Divisas], podemos ayudarlo con la constituci\u00f3n y registro de la compa\u00f1\u00eda en San Vicente y las Granadinas (SVG, por sus siglas en ingl\u00e9s).<\/p>\n<\/div>\n<\/div>\n<\/div>\n<div class=\"container-fluid service-copy\">\n<div class=\"container\">\n<div class=\"row\">\n<div class=\"col-12 col-xl-12 wrapper-content\">\n<div class=\"top-wrapper\">\n<h2>C\u00f3mo Crear su Propia Agencia de Forex Broker [Operador de Mercado de Divisas].<\/h2>\n<p><span style=\"font-weight: 400;\">Con d\u00e9cadas de experiencia en la industria, Atomiq Consulting es el socio perfecto para ayudarlo a lanzar su propio Forex Broker [Operador de Mercado de Divisas].<\/span><\/p>\n<p><span style=\"font-weight: 400;\">\u00a0<\/span><\/p>\n<\/div>\n<div class=\"middle-wrapper\">\n<h3>Una Soluci\u00f3n Completa en un S\u00f3lo Paquete:<\/h3>\n<ul>\n<li>Software de MT4 \/ MT5 White Label [Etiqueta Blanca MT4 MT5].<\/li>\n<li>Liquidez bancaria de nivel Tier 1 [Nivel 1].<\/li>\n<li>Sistema de Alimentaci\u00f3n de Datos: Forex [Mercado de Divisas], Acciones, Commodities [Productos B\u00e1sicos], Metales y Criptodivisas.<\/li>\n<li>Dise\u00f1o de P\u00e1ginas Web de Forex [Mercado de Divisas].<\/li>\n<li>Trader\u2019s Room [Sala de Negociaci\u00f3n de Mercados Financieros] \/ Trading Cabinet [Portal de Internet para Negociaciones].<\/li>\n<li>Constituci\u00f3n de la Compa\u00f1\u00eda y Banca.<\/li>\n<\/ul>\n<\/div>\n<div class=\"btn-wrapper\"><a href=\"\/contact\" target=\"_blank\" rel=\"noopener noreferrer\">CONOZCA M\u00c1S.<\/a><\/div>\n<\/div>\n<\/div>\n<\/div>\n<\/div>\n<div class=\"container-fluid corporate\">\n<div class=\"container\">\n<div class=\"row\">\n<div class=\"col-12 col-xl-12\">\n<div class=\"content-wrapper\">\n<div class=\"top-wrapper\">\n<h2>Servicios Legales para Forex Brokers [Operadores de Mercado de Divisas].<\/h2>\n<p>Si usted est\u00e1 buscando crear su propio Forex Broker [Operador de Mercado de Divisas], nosotros podemos ayudarlo a abrir una compa\u00f1\u00eda de Forex [Mercado de Divisas]. Nuestro equipo de expertos en leyes est\u00e1 capacitado para ayudar a los operadores existentes con todo tipo de servicios legales que pudieran necesitar.<\/p>\n<\/div>\n<div class=\"middle-wrapper\">\n<h3>\u041eUna Descripci\u00f3n General de Nuestros Servicios:<\/h3>\n<ul>\n<li>Cuentas bancarias para Forex Brokers [Operadores de Mercado de Divisas].<\/li>\n<li>Asistencia para comprar o vender un Forex Broker [Operador de Mercado de Divisas].<\/li>\n<li>Servicios de constituci\u00f3n de una compa\u00f1\u00eda en San Vicente y las Granadinas para aquellos que buscan lanzar su propio Forex Broker [Operador de Mercado de Divisas].<\/li>\n<li><span style=\"font-weight: 400;\">Acceso a una variedad de PSPs [Proveedores de Servicios de Pagos] (por sus siglas en ingl\u00e9s) y Receptor\u00edas de Pago.<br \/>\n<\/span><\/li>\n<li>Orientaci\u00f3n para obtener una licencia de criptodivisas.<\/li>\n<li>Opiniones legales, asistencia y orientaci\u00f3n.<\/li>\n<\/ul>\n<\/div>\n<div class=\"btn-wrapper\"><a href=\"\/contact\">CONOZCA M\u00c1S.<\/a><\/div>\n<\/div>\n<\/div>\n<\/div>\n<\/div>\n<\/div>\n<div class=\"container-fluid licensing\">\n<div class=\"container\">\n<div class=\"row\">\n<div class=\"col-xl-6\">\n<div class=\"content-wrapper\">\n<div class=\"top-wrapper\">\n<h2>Licencias de Forex Broker [Operador de Mercado de Divisas].<\/h2>\n<p>Nuestra experiencia y conocimiento de d\u00e9cadas en la industria con respecto a la regulaci\u00f3n de la actividad en los mercados Forex [Mercado de Divisas] nos convierten en el mejor socio para obtener una licencia de Forex Broker [Operador de Mercado de Divisas], ya sea Offshore [en una jurisdicci\u00f3n fiscal m\u00e1s ligera] o en diversas jurisdicciones mundiales reconocidas.<\/p>\n<p>Nos especializamos en licencias de Forex Brokerage [Operaci\u00f3n de Mercado de Divisas] europeas tales como CySec [de la Comisi\u00f3n de Bolsa y Valores de Chipre], (por sus siglas en ingl\u00e9s) y FCA [Autoridad de Conducta Financiera] (por sus siglas en ingl\u00e9s) en Inglaterra. Tambi\u00e9n podemos ayudarlo a obtener una licencia de Offshore Broker [operador en una jurisdicci\u00f3n fiscal m\u00e1s ligera] en regiones como Belice, Islas Caim\u00e1n, Mauricio, Vanuatu y Seychelles.<br \/>\nAdem\u00e1s, podemos ayudarlo a obtener una licencia de criptodivisas en varias jurisdicciones mundiales.<\/p>\n<\/div>\n<div class=\"link-wrapper\"><a href=\"\/contact\" target=\"_blank\" rel=\"noopener noreferrer\">Consulta Gratuita para Licencias y Licenciamientos.<\/a><\/div>\n<div class=\"btn-wrapper\"><a href=\"\/contact\" target=\"_blank\" rel=\"noopener noreferrer\">CONOZCA M\u00c1S.<\/a><\/div>\n<\/div>\n<\/div>\n<div class=\"col-xl-6\">\n<div class=\"content-wrapper\">\n<h3>Elija entre algunas de las m\u00e1s populares Jurisdicciones Regulatorias:<\/h3>\n<div class=\"flag-box\" style=\"max-width: 482px;\">\n<div class=\"row no-gutters justify-content-center\">\n<div class=\"col-12 col-md-3 col-xl-3\"><img decoding=\"async\" width=\"108\" height=\"65\" class=\"alignnone size-full wp-image-3997\" src=\"https:\/\/atomiqconsulting.com\/wp-content\/uploads\/2018\/09\/Vanuatu1.jpg\" alt=\"\" \/><\/div>\n<div class=\"col-12 col-md-3 col-xl-3\"><img decoding=\"async\" width=\"108\" height=\"65\" class=\"alignnone size-full wp-image-3988\" src=\"https:\/\/atomiqconsulting.com\/wp-content\/uploads\/2018\/09\/Mauritius2.jpg\" alt=\"\" \/><\/div>\n<div class=\"col-12 col-md-3 col-xl-3\"><img decoding=\"async\" width=\"108\" height=\"65\" class=\"alignnone size-full wp-image-3973\" src=\"https:\/\/atomiqconsulting.com\/wp-content\/uploads\/2018\/09\/Labuan-Malaysia3.jpg\" alt=\"\" \/><\/div>\n<div class=\"col-12 col-md-3 col-xl-3\"><img decoding=\"async\" width=\"108\" height=\"65\" class=\"alignnone size-full wp-image-3991\" src=\"https:\/\/atomiqconsulting.com\/wp-content\/uploads\/2018\/09\/Seychelles4.jpg\" alt=\"\" \/><\/div>\n<div class=\"col-12 col-md-3 col-xl-3\"><img decoding=\"async\" width=\"109\" height=\"65\" class=\"alignnone size-full wp-image-3937\" src=\"https:\/\/atomiqconsulting.com\/wp-content\/uploads\/2018\/09\/Bahamas5.jpg\" alt=\"\" \/><\/div>\n<div class=\"col-12 col-md-3 col-xl-3\"><img decoding=\"async\" width=\"108\" height=\"65\" class=\"alignnone size-full wp-image-3943\" src=\"https:\/\/atomiqconsulting.com\/wp-content\/uploads\/2018\/09\/Bulgaria6.jpg\" alt=\"\" \/><\/div>\n<div class=\"col-12 col-md-3 col-xl-3\"><img decoding=\"async\" width=\"108\" height=\"65\" class=\"alignnone size-full wp-image-3940\" src=\"https:\/\/atomiqconsulting.com\/wp-content\/uploads\/2018\/09\/Belize7.jpg\" alt=\"\" \/><\/div>\n<div class=\"col-12 col-md-3 col-xl-3\"><img decoding=\"async\" width=\"109\" height=\"65\" class=\"alignnone size-full wp-image-3949\" src=\"https:\/\/atomiqconsulting.com\/wp-content\/uploads\/2018\/09\/Cyprus8.jpg\" alt=\"\" \/><\/div>\n<div class=\"col-12 col-md-3 col-xl-3\"><img decoding=\"async\" width=\"108\" height=\"65\" class=\"alignnone size-full wp-image-3946\" src=\"https:\/\/atomiqconsulting.com\/wp-content\/uploads\/2018\/09\/BVI9.jpg\" alt=\"\" \/><\/div>\n<div class=\"col-12 col-md-3 col-xl-3\"><img decoding=\"async\" width=\"108\" height=\"66\" class=\"alignnone size-full wp-image-3985\" src=\"https:\/\/atomiqconsulting.com\/wp-content\/uploads\/2018\/09\/Malta10.jpg\" alt=\"\" \/><\/div>\n<div class=\"col-12 col-md-3 col-xl-3\"><img decoding=\"async\" width=\"108\" height=\"65\" class=\"alignnone size-full wp-image-3994\" src=\"https:\/\/atomiqconsulting.com\/wp-content\/uploads\/2018\/09\/St11.jpg\" alt=\"\" \/><\/div>\n<div class=\"col-12 col-md-3 col-xl-3\"><img decoding=\"async\" class=\"alignnone size-full wp-image-3994\" src=\"https:\/\/atomiqconsulting.com\/wp-content\/uploads\/2019\/03\/Estonia-flag.jpg\" alt=\"\" \/><\/div>\n<\/div>\n<\/div>\n<\/div>\n<\/div>\n<\/div>\n<\/div>\n<\/div>\n<div class=\"container-fluid questions\">\n<div class=\"container\">\n<div class=\"row\">\n<div class=\"col-12 col-xl-12\">\n<div class=\"content-wrapper\">\n<h2>Forex Broker [Operador de Mercado de Divisas] para Venta.<\/h2>\n<p>Debido a nuestra cartera global de Brokers [Operadores], empresas de tecnolog\u00eda y consultores, tenemos la capacidad de ofrecer varios Forex Brokers [Operadores de Mercado de Divisas] para venta. Nuestras ofertas van desde la FCA [Autoridad de Conducta Financiera] (por sus siglas en ingl\u00e9s) en Inglaterra, CySec [de la Comisi\u00f3n de Bolsa y Valores de Chipre], (por sus siglas en ingl\u00e9s), y Offshore Brokers [operadores en una jurisdicci\u00f3n fiscal m\u00e1s ligera] para venta.<\/p>\n<p>Adem\u00e1s, si est\u00e1 buscando vender un Forex Broker [Operador de Mercado de Divisas], tecnolog\u00eda, sitio web u otros servicios, nosotros podemos ayudar a facilitar la venta.<\/p>\n<div class=\"btn-wrapper\"><a href=\"\/contact\" target=\"_blank\" rel=\"noopener noreferrer\">CONOZCA M\u00c1S.<\/a><\/div>\n<\/div>\n<\/div>\n<\/div>\n<\/div>\n<\/div>\n<div class=\"container-fluid header-block\">\n<div class=\"row justify-content-center\">\n<div class=\"col-12 col-md-12 col-lg-12 col-xl-12 text-wrapper\">\n<h2>Atomiq Consulting<\/h2>\n<h3><span style=\"font-weight: 400;\">Atomiq Consulting &#8211; Soluciones de Consulta Forex [del Mercado de Divisas] de la A a la Z.<\/span><\/h3>\n<div class=\"button-wrapper\">\n<div class=\"row\">\n<div class=\"col-md-12 col-xl-6\"><a href=\"https:\/\/api.whatsapp.com\/send?phone=447307815474\" target=\"_blank\" rel=\"noopener noreferrer\">WhatsApp<\/a><\/div>\n<div class=\"col-md-12 col-xl-6\"><a href=\"https:\/\/t.me\/atomiqconsulting\" target=\"_blank\" rel=\"noopener noreferrer\">Telegram<\/a><\/div>\n<\/div>\n<\/div>\n<\/div>\n<\/div>\n<\/div>\n<p>[\/vc_column_text][\/vc_column][\/vc_row]<\/p>\n<\/div>","protected":false},"excerpt":{"rendered":"<p>[vc_row full_width=&#8221;stretch_row_content_no_spaces&#8221; css=&#8221;div#breadcrumbs{display: none;}.vc_custom_1537198744239{margin-top: 0px !important;}&#8221;][vc_column][vc_column_text css=&#8221;.vc_custom_1537272612759{margin-right: 0px !important;}&#8221;] Servicios de Consultor\u00eda de Forex Broker [Operador del Mercado de Divisas]. [&hellip;]<\/p>\n","protected":false},"author":4,"featured_media":0,"parent":0,"menu_order":0,"comment_status":"closed","ping_status":"closed","template":"","meta":{"footnotes":""},"class_list":["post-10058","page","type-page","status-publish","hentry"],"yoast_head":"<!-- This site is optimized with the Yoast SEO plugin v27.5 - https:\/\/yoast.com\/product\/yoast-seo-wordpress\/ -->\n<title>Atomiq Consulting - Soluciones de Consulta Forex [del Mercado de Divisas] de la A a la Z. - Atomiq Consulting<\/title>\n<meta name=\"robots\" content=\"index, follow, max-snippet:-1, max-image-preview:large, max-video-preview:-1\" \/>\n<link rel=\"canonical\" href=\"https:\/\/atomiqconsulting.com\/es\/main\/\" \/>\n<meta property=\"og:locale\" content=\"es_ES\" \/>\n<meta property=\"og:type\" content=\"article\" \/>\n<meta property=\"og:title\" content=\"Atomiq Consulting - Soluciones de Consulta Forex [del Mercado de Divisas] de la A a la Z. - Atomiq Consulting\" \/>\n<meta property=\"og:description\" content=\"[vc_row full_width=&#8221;stretch_row_content_no_spaces&#8221; css=&#8221;div#breadcrumbs{display: none;}.vc_custom_1537198744239{margin-top: 0px !important;}&#8221;][vc_column][vc_column_text css=&#8221;.vc_custom_1537272612759{margin-right: 0px !important;}&#8221;] Servicios de Consultor\u00eda de Forex Broker [Operador del Mercado de Divisas]. [&hellip;]\" \/>\n<meta property=\"og:url\" content=\"https:\/\/atomiqconsulting.com\/es\/main\/\" \/>\n<meta property=\"og:site_name\" content=\"Atomiq Consulting\" \/>\n<meta property=\"article:modified_time\" content=\"2025-10-02T17:41:55+00:00\" \/>\n<meta property=\"og:image\" content=\"https:\/\/atomiqconsulting.com\/wp-content\/uploads\/2018\/09\/icon1.png\" \/>\n\t<meta property=\"og:image:width\" content=\"60\" \/>\n\t<meta property=\"og:image:height\" content=\"58\" \/>\n\t<meta property=\"og:image:type\" content=\"image\/png\" \/>\n<meta name=\"twitter:card\" content=\"summary_large_image\" \/>\n<meta name=\"twitter:label1\" content=\"Tiempo de lectura\" \/>\n\t<meta name=\"twitter:data1\" content=\"8 minutos\" \/>\n<script type=\"application\/ld+json\" class=\"yoast-schema-graph\">{\"@context\":\"https:\\\/\\\/schema.org\",\"@graph\":[{\"@type\":\"WebPage\",\"@id\":\"https:\\\/\\\/atomiqconsulting.com\\\/es\\\/main\\\/\",\"url\":\"https:\\\/\\\/atomiqconsulting.com\\\/es\\\/main\\\/\",\"name\":\"Atomiq Consulting - Soluciones de Consulta Forex [del Mercado de Divisas] de la A a la Z. - Atomiq Consulting\",\"isPartOf\":{\"@id\":\"https:\\\/\\\/atomiqconsulting.com\\\/es\\\/#website\"},\"primaryImageOfPage\":{\"@id\":\"https:\\\/\\\/atomiqconsulting.com\\\/es\\\/main\\\/#primaryimage\"},\"image\":{\"@id\":\"https:\\\/\\\/atomiqconsulting.com\\\/es\\\/main\\\/#primaryimage\"},\"thumbnailUrl\":\"https:\\\/\\\/atomiqconsulting.com\\\/wp-content\\\/uploads\\\/2018\\\/09\\\/icon1.png\",\"datePublished\":\"2018-09-19T12:01:08+00:00\",\"dateModified\":\"2025-10-02T17:41:55+00:00\",\"breadcrumb\":{\"@id\":\"https:\\\/\\\/atomiqconsulting.com\\\/es\\\/main\\\/#breadcrumb\"},\"inLanguage\":\"es\",\"potentialAction\":[{\"@type\":\"ReadAction\",\"target\":[\"https:\\\/\\\/atomiqconsulting.com\\\/es\\\/main\\\/\"]}]},{\"@type\":\"ImageObject\",\"inLanguage\":\"es\",\"@id\":\"https:\\\/\\\/atomiqconsulting.com\\\/es\\\/main\\\/#primaryimage\",\"url\":\"https:\\\/\\\/atomiqconsulting.com\\\/wp-content\\\/uploads\\\/2018\\\/09\\\/icon1.png\",\"contentUrl\":\"https:\\\/\\\/atomiqconsulting.com\\\/wp-content\\\/uploads\\\/2018\\\/09\\\/icon1.png\"},{\"@type\":\"BreadcrumbList\",\"@id\":\"https:\\\/\\\/atomiqconsulting.com\\\/es\\\/main\\\/#breadcrumb\",\"itemListElement\":[{\"@type\":\"ListItem\",\"position\":1,\"name\":\"Home\",\"item\":\"https:\\\/\\\/atomiqconsulting.com\\\/\"},{\"@type\":\"ListItem\",\"position\":2,\"name\":\"Atomiq Consulting &#8211; Soluciones de Consulta Forex [del Mercado de Divisas] de la A a la Z.\"}]},{\"@type\":\"WebSite\",\"@id\":\"https:\\\/\\\/atomiqconsulting.com\\\/es\\\/#website\",\"url\":\"https:\\\/\\\/atomiqconsulting.com\\\/es\\\/\",\"name\":\"Atomiq Consulting\",\"description\":\"Forex Broker Licensing &amp; Prop Firm Setup\",\"potentialAction\":[{\"@type\":\"SearchAction\",\"target\":{\"@type\":\"EntryPoint\",\"urlTemplate\":\"https:\\\/\\\/atomiqconsulting.com\\\/es\\\/?s={search_term_string}\"},\"query-input\":{\"@type\":\"PropertyValueSpecification\",\"valueRequired\":true,\"valueName\":\"search_term_string\"}}],\"inLanguage\":\"es\"}]}<\/script>\n<!-- \/ Yoast SEO plugin. -->","yoast_head_json":{"title":"Atomiq Consulting - Soluciones de Consulta Forex [del Mercado de Divisas] de la A a la Z. - Atomiq Consulting","robots":{"index":"index","follow":"follow","max-snippet":"max-snippet:-1","max-image-preview":"max-image-preview:large","max-video-preview":"max-video-preview:-1"},"canonical":"https:\/\/atomiqconsulting.com\/es\/main\/","og_locale":"es_ES","og_type":"article","og_title":"Atomiq Consulting - Soluciones de Consulta Forex [del Mercado de Divisas] de la A a la Z. - Atomiq Consulting","og_description":"[vc_row full_width=&#8221;stretch_row_content_no_spaces&#8221; css=&#8221;div#breadcrumbs{display: none;}.vc_custom_1537198744239{margin-top: 0px !important;}&#8221;][vc_column][vc_column_text css=&#8221;.vc_custom_1537272612759{margin-right: 0px !important;}&#8221;] Servicios de Consultor\u00eda de Forex Broker [Operador del Mercado de Divisas]. [&hellip;]","og_url":"https:\/\/atomiqconsulting.com\/es\/main\/","og_site_name":"Atomiq Consulting","article_modified_time":"2025-10-02T17:41:55+00:00","og_image":[{"width":60,"height":58,"url":"https:\/\/atomiqconsulting.com\/wp-content\/uploads\/2018\/09\/icon1.png","type":"image\/png"}],"twitter_card":"summary_large_image","twitter_misc":{"Tiempo de lectura":"8 minutos"},"schema":{"@context":"https:\/\/schema.org","@graph":[{"@type":"WebPage","@id":"https:\/\/atomiqconsulting.com\/es\/main\/","url":"https:\/\/atomiqconsulting.com\/es\/main\/","name":"Atomiq Consulting - Soluciones de Consulta Forex [del Mercado de Divisas] de la A a la Z. - Atomiq Consulting","isPartOf":{"@id":"https:\/\/atomiqconsulting.com\/es\/#website"},"primaryImageOfPage":{"@id":"https:\/\/atomiqconsulting.com\/es\/main\/#primaryimage"},"image":{"@id":"https:\/\/atomiqconsulting.com\/es\/main\/#primaryimage"},"thumbnailUrl":"https:\/\/atomiqconsulting.com\/wp-content\/uploads\/2018\/09\/icon1.png","datePublished":"2018-09-19T12:01:08+00:00","dateModified":"2025-10-02T17:41:55+00:00","breadcrumb":{"@id":"https:\/\/atomiqconsulting.com\/es\/main\/#breadcrumb"},"inLanguage":"es","potentialAction":[{"@type":"ReadAction","target":["https:\/\/atomiqconsulting.com\/es\/main\/"]}]},{"@type":"ImageObject","inLanguage":"es","@id":"https:\/\/atomiqconsulting.com\/es\/main\/#primaryimage","url":"https:\/\/atomiqconsulting.com\/wp-content\/uploads\/2018\/09\/icon1.png","contentUrl":"https:\/\/atomiqconsulting.com\/wp-content\/uploads\/2018\/09\/icon1.png"},{"@type":"BreadcrumbList","@id":"https:\/\/atomiqconsulting.com\/es\/main\/#breadcrumb","itemListElement":[{"@type":"ListItem","position":1,"name":"Home","item":"https:\/\/atomiqconsulting.com\/"},{"@type":"ListItem","position":2,"name":"Atomiq Consulting &#8211; Soluciones de Consulta Forex [del Mercado de Divisas] de la A a la Z."}]},{"@type":"WebSite","@id":"https:\/\/atomiqconsulting.com\/es\/#website","url":"https:\/\/atomiqconsulting.com\/es\/","name":"Atomiq Consulting","description":"Forex Broker Licensing &amp; Prop Firm Setup","potentialAction":[{"@type":"SearchAction","target":{"@type":"EntryPoint","urlTemplate":"https:\/\/atomiqconsulting.com\/es\/?s={search_term_string}"},"query-input":{"@type":"PropertyValueSpecification","valueRequired":true,"valueName":"search_term_string"}}],"inLanguage":"es"}]}},"post_type":"page","author_name":"Atomiq Consulting","_links":{"self":[{"href":"https:\/\/atomiqconsulting.com\/es\/wp-json\/wp\/v2\/pages\/10058","targetHints":{"allow":["GET"]}}],"collection":[{"href":"https:\/\/atomiqconsulting.com\/es\/wp-json\/wp\/v2\/pages"}],"about":[{"href":"https:\/\/atomiqconsulting.com\/es\/wp-json\/wp\/v2\/types\/page"}],"author":[{"embeddable":true,"href":"https:\/\/atomiqconsulting.com\/es\/wp-json\/wp\/v2\/users\/4"}],"replies":[{"embeddable":true,"href":"https:\/\/atomiqconsulting.com\/es\/wp-json\/wp\/v2\/comments?post=10058"}],"version-history":[{"count":7,"href":"https:\/\/atomiqconsulting.com\/es\/wp-json\/wp\/v2\/pages\/10058\/revisions"}],"predecessor-version":[{"id":18244,"href":"https:\/\/atomiqconsulting.com\/es\/wp-json\/wp\/v2\/pages\/10058\/revisions\/18244"}],"wp:attachment":[{"href":"https:\/\/atomiqconsulting.com\/es\/wp-json\/wp\/v2\/media?parent=10058"}],"curies":[{"name":"wp","href":"https:\/\/api.w.org\/{rel}","templated":true}]}}