{"id":9600,"date":"2020-05-06T22:57:24","date_gmt":"2020-05-06T20:57:24","guid":{"rendered":"https:\/\/atomiqconsulting.com\/?page_id=9600"},"modified":"2025-10-02T19:40:52","modified_gmt":"2025-10-02T17:40:52","slug":"main","status":"publish","type":"page","link":"https:\/\/atomiqconsulting.com\/de\/main\/","title":{"rendered":"Atomiq Consulting &#8211; Devisenl\u00f6sungen von \u0410 bis Z"},"content":{"rendered":"<div class=\"wpb-content-wrapper\"><p>[vc_row full_width=&#8221;stretch_row_content_no_spaces&#8221; css=&#8221;div#breadcrumbs{display: none;}.vc_custom_1537198744239{margin-top: 0px !important;}&#8221;][vc_column][vc_column_text css=&#8221;.vc_custom_1537272612759{margin-right: 0px !important;}&#8221;]<\/p>\n<div class=\"container-fluid about-services\">\n<div class=\"container\">\n<div class=\"row\">\n<div class=\"col-xl-12 text-wrapper\">\n<h2><span style=\"font-weight: 400;\">Beraterdienste<\/span><\/h2>\n<h2><span style=\"font-weight: 400;\">f\u00fcr Devisenmakler<\/span><\/h2>\n<ul>\n<li>Lizenzdienste f\u00fcr Devisenmakler \u2013 FCA, EU, Offshore<\/li>\n<li><span style=\"font-weight: 400;\">MT4\/MT5-White-Labels, Liquidit\u00e4t und Datenfeed<\/span><\/li>\n<li>Devisenmakler zum Verkauf<\/li>\n<li>Kryptow\u00e4hrungs-Lizenzen und Liquidit\u00e4t<\/li>\n<li><span style=\"font-weight: 400;\">Bankkonten, PSPs und Zahlungs-Gateways f\u00fcr Devisenmakler<\/span><\/li>\n<\/ul>\n<\/div>\n<\/div>\n<\/div>\n<\/div>\n<div class=\"container service\" style=\"max-width: 1200px;\">\n<div class=\"row justify-content-center\">\n<div class=\"col-12 col-xl-12 text-wrapper\">\n<h2><span style=\"font-weight: 400;\">Entdecken Sie unsere Dienstleistungen<\/span><\/h2>\n<p>Wir sind auf Beratungsdienste f\u00fcr Devisenmakler aller Art und Gr\u00f6\u00dfe spezialisiert<\/p>\n<\/div>\n<\/div>\n<div class=\"row justify-content-center\">\n<div class=\"col-xl-4 item\">\n<p><img decoding=\"async\" width=\"60\" height=\"58\" class=\"alignnone size-full wp-image-3955\" src=\"https:\/\/atomiqconsulting.com\/wp-content\/uploads\/2018\/09\/icon1.png\" alt=\"\" srcset=\"https:\/\/atomiqconsulting.com\/wp-content\/uploads\/2018\/09\/icon1.png 60w, https:\/\/atomiqconsulting.com\/wp-content\/uploads\/2018\/09\/icon1-45x45.png 45w\" sizes=\"(max-width: 60px) 100vw, 60px\" \/><\/p>\n<h3>MT4\/MT5-White-Labels<\/h3>\n<p><span style=\"font-weight: 400;\">Unser White-Label-Paket umfasst den Zugang zu Tier-1-Liquidit\u00e4t und einen Datenfeed f\u00fcr die folgenden Handelsprodukte: Devisen, Aktien, Rohstoffe, Edelmetalle und Kryptow\u00e4hrung.<\/span><\/p>\n<\/div>\n<div class=\"col-xl-4 item\">\n<p><img decoding=\"async\" width=\"54\" height=\"50\" class=\"alignnone size-full wp-image-3958\" src=\"https:\/\/atomiqconsulting.com\/wp-content\/uploads\/2018\/09\/icon2.png\" alt=\"\" \/><\/p>\n<h3>Lizenzierung f\u00fcr Devisenmakler<\/h3>\n<p><span style=\"font-weight: 400;\">Wir k\u00f6nnen Ihnen helfen, eine Lizenz in Offshore-Gerichtsbarkeiten wie Mauritius, den Bahamas und den Kaimaninseln zu erhalten. Dar\u00fcber hinaus k\u00f6nnen wir Ihnen bei der Beantragung Ihrer FCA- oder CySec-Devisenmaklerlizenzen helfen.<\/span><\/p>\n<\/div>\n<div class=\"col-xl-4 item\">\n<p><img decoding=\"async\" width=\"57\" height=\"59\" class=\"alignnone size-full wp-image-3961\" src=\"https:\/\/atomiqconsulting.com\/wp-content\/uploads\/2018\/09\/icon3.png\" alt=\"\" \/><\/p>\n<h3>Bankdienstleistungen, Zahlungs-Gateways und PSPs<\/h3>\n<p><span style=\"font-weight: 400;\">Unser Expertenteam hilft Ihrem Devisenmakler bei der Beantragung eines Bankkontos, Zahlungs-Gateways oder PSP in zahlreichen weltweiten Gerichtsbarkeiten.<\/span><\/p>\n<\/div>\n<\/div>\n<div class=\"row justify-content-center\">\n<div class=\"col-xl-4 item\">\n<p><img decoding=\"async\" width=\"49\" height=\"54\" class=\"alignnone size-full wp-image-3964\" src=\"https:\/\/atomiqconsulting.com\/wp-content\/uploads\/2018\/09\/icon4.png\" alt=\"\" \/><\/p>\n<h3>Start einer Kryptow\u00e4hrungsb\u00f6rse<\/h3>\n<p>Wir bieten Ihnen alle Dienstleistungen, um Ihren eigenen Kryptow\u00e4hrungs-Brokerage zu starten: Lizenzierung, Liquidit\u00e4t, Gr\u00fcndung und mehr!<\/p>\n<\/div>\n<div class=\"col-xl-4 item\">\n<p><img decoding=\"async\" width=\"53\" height=\"58\" class=\"alignnone size-full wp-image-3967\" src=\"https:\/\/atomiqconsulting.com\/wp-content\/uploads\/2018\/09\/icon5.png\" alt=\"\" \/><\/p>\n<h3>Devisen- und Kryptow\u00e4hrungs-Leads und -Datenverkehr<\/h3>\n<p>Leadgenerierung und Datenverkehr in Echtzeit f\u00fcr den Devisen- und Kryptow\u00e4hrungsmarkt.<\/p>\n<\/div>\n<div class=\"col-xl-4 item\">\n<p><img decoding=\"async\" width=\"58\" height=\"57\" class=\"alignnone size-full wp-image-3970\" src=\"https:\/\/atomiqconsulting.com\/wp-content\/uploads\/2018\/09\/icon6.png\" alt=\"\" srcset=\"https:\/\/atomiqconsulting.com\/wp-content\/uploads\/2018\/09\/icon6.png 58w, https:\/\/atomiqconsulting.com\/wp-content\/uploads\/2018\/09\/icon6-45x45.png 45w\" sizes=\"(max-width: 58px) 100vw, 58px\" \/><\/p>\n<h3>Dienstleistungen f\u00fcr Firmengr\u00fcndungen<\/h3>\n<p>Wenn Sie Ihren eigenen Devisenmakler gr\u00fcnden m\u00f6chten, k\u00f6nnen wir Sie bei der Firmengr\u00fcndung und Registrierung in St. Vincent und den Grenadinen (SVG) unterst\u00fctzen.<\/p>\n<\/div>\n<\/div>\n<\/div>\n<div class=\"container-fluid service-copy\">\n<div class=\"container\">\n<div class=\"row\">\n<div class=\"col-12 col-xl-12 wrapper-content\">\n<div class=\"top-wrapper\">\n<h2>Wie erstellen Sie Ihren eigenen Devisenmakler?<\/h2>\n<p><span style=\"font-weight: 400;\">Mit jahrzehntelanger Branchenerfahrung ist Atomiq Consulting der ideale Partner, um Ihnen bei der Gr\u00fcndung Ihres eigenen Devisenmaklers zu helfen.<\/span><\/p>\n<p><span style=\"font-weight: 400;\">\u00a0<\/span><\/p>\n<\/div>\n<div class=\"middle-wrapper\">\n<h3>Eine umfassende L\u00f6sung in einem einzigen Paket:<\/h3>\n<ul>\n<li>MT4 \/ MT5 White-Label-Software<\/li>\n<li>Tier-1-Bankliquidit\u00e4t<\/li>\n<li>Data Feed: \u0424\u043e\u0440\u0435\u043a\u0441, \u0430\u043a\u0446\u0438\u0438, \u0442\u043e\u0432\u0430\u0440\u044b, \u043c\u0435\u0442\u0430\u043b\u043b\u044b \u0438 \u043a\u0440\u0438\u043f\u0442\u043e\u0432\u0430\u043b\u044e\u0442\u0430<\/li>\n<li>Datenfeed: Devisen, Aktien, Rohstoffe, Metalle und Kryptow\u00e4hrung<\/li>\n<li>Gestaltung der Devisen-Website<\/li>\n<li>H\u00e4ndlersaal \/ Handelskabinett<\/li>\n<li>Firmengr\u00fcndung und Bankwesen<\/li>\n<\/ul>\n<\/div>\n<div class=\"btn-wrapper\"><a href=\"https:\/\/atomiqconsulting.com\/contact\/\" target=\"_blank\" rel=\"noopener noreferrer\">MEHR LERNEN<\/a><\/div>\n<\/div>\n<\/div>\n<\/div>\n<\/div>\n<div class=\"container-fluid corporate\">\n<div class=\"container\">\n<div class=\"row\">\n<div class=\"col-12 col-xl-12\">\n<div class=\"content-wrapper\">\n<div class=\"top-wrapper\">\n<h2>Rechtsdienstleistungen f\u00fcr Devisenmakler<\/h2>\n<p>Wenn Sie Ihren eigenen Devisenmakler gr\u00fcnden m\u00f6chten, k\u00f6nnen wir Ihnen bei der Er\u00f6ffnung eines Devisenhandelsunternehmens helfen. Unser Team von Rechtsexperten ist auch in der Lage, bereits bestehenden Maklern mit allen erforderlichen Rechtsdienstleistungen zu helfen.<\/p>\n<\/div>\n<div class=\"middle-wrapper\">\n<h3>Eine \u00dcbersicht unserer Dienstleistungen:<\/h3>\n<ul>\n<li>Bankkonten f\u00fcr Devisenmakler<\/li>\n<li>Hilfe beim Kauf oder Verkauf eines Devisenmaklers<\/li>\n<li>Firmengr\u00fcndungsdienste in St. Vincent und den Grenadinen f\u00fcr diejenigen, die einen eigenen Devisenmakler gr\u00fcnden wollen<\/li>\n<li><span style=\"font-weight: 400;\">Zugang zu einer Vielzahl von Zahlungsdienstleistungsanbietern (PSPs) und Zahlungs-Gateways<br \/>\n<\/span><\/li>\n<li>Beratung zur Erlangung einer Kryptow\u00e4hrungslizenz<\/li>\n<li>Rechtsgutachten, Unterst\u00fctzung und Beratung<\/li>\n<\/ul>\n<\/div>\n<div class=\"btn-wrapper\"><a href=\"https:\/\/atomiqconsulting.com\/contact\/\">MEHR LERNEN<\/a><\/div>\n<\/div>\n<\/div>\n<\/div>\n<\/div>\n<\/div>\n<div class=\"container-fluid licensing\">\n<div class=\"container\">\n<div class=\"row\">\n<div class=\"col-xl-6\">\n<div class=\"content-wrapper\">\n<div class=\"top-wrapper\">\n<h2>Lizenzierung f\u00fcr Devisenmakler<\/h2>\n<p>Unsere jahrzehntelange Branchenerfahrung und unser Wissen \u00fcber die Regulierung von Devisenaktivit\u00e4ten machen uns zum besten Partner f\u00fcr die Erlangung einer Devisenmaklerlizenz, sowohl Offshore als auch in zahlreichen bekannten und weltweiten Gerichtsbarkeiten.<\/p>\n<p>Wir sind auf europ\u00e4ische Devisenmaklerlizenzen wie CySec und FCA spezialisiert. Wir k\u00f6nnen Ihnen auch dabei helfen, eine Offshore-Maklerlizenz in bestimmten Regionen wie Belize, den Kaimaninseln, Mauritius, Vanuatu sowie auf den Seychellen zu erhalten.<br \/>\nDar\u00fcber hinaus k\u00f6nnen wir Ihnen helfen, eine Kryptow\u00e4hrungslizenz in diversen weltweiten Gerichtsbarkeiten zu erhalten.<\/p>\n<\/div>\n<div class=\"link-wrapper\"><a href=\"https:\/\/atomiqconsulting.com\/contact\/\" target=\"_blank\" rel=\"noopener noreferrer\">Kostenlose Lizenzberatung<\/a><\/div>\n<div class=\"btn-wrapper\"><a href=\"https:\/\/atomiqconsulting.com\/forex-license\/\" target=\"_blank\" rel=\"noopener noreferrer\">MEHR LERNEN<\/a><\/div>\n<\/div>\n<\/div>\n<div class=\"col-xl-6\">\n<div class=\"content-wrapper\">\n<h3>W\u00e4hlen Sie aus einigen der beliebtesten Rechtsprechungen:<\/h3>\n<div class=\"flag-box\" style=\"max-width: 482px;\">\n<div class=\"row no-gutters justify-content-center\">\n<div class=\"col-12 col-md-3 col-xl-3\"><img decoding=\"async\" width=\"108\" height=\"65\" class=\"alignnone size-full wp-image-3997\" src=\"https:\/\/atomiqconsulting.com\/wp-content\/uploads\/2018\/09\/Vanuatu1.jpg\" alt=\"\" \/><\/div>\n<div class=\"col-12 col-md-3 col-xl-3\"><img decoding=\"async\" width=\"108\" height=\"65\" class=\"alignnone size-full wp-image-3988\" src=\"https:\/\/atomiqconsulting.com\/wp-content\/uploads\/2018\/09\/Mauritius2.jpg\" alt=\"\" \/><\/div>\n<div class=\"col-12 col-md-3 col-xl-3\"><img decoding=\"async\" width=\"108\" height=\"65\" class=\"alignnone size-full wp-image-3973\" src=\"https:\/\/atomiqconsulting.com\/wp-content\/uploads\/2018\/09\/Labuan-Malaysia3.jpg\" alt=\"\" \/><\/div>\n<div class=\"col-12 col-md-3 col-xl-3\"><img decoding=\"async\" width=\"108\" height=\"65\" class=\"alignnone size-full wp-image-3991\" src=\"https:\/\/atomiqconsulting.com\/wp-content\/uploads\/2018\/09\/Seychelles4.jpg\" alt=\"\" \/><\/div>\n<div class=\"col-12 col-md-3 col-xl-3\"><img decoding=\"async\" width=\"109\" height=\"65\" class=\"alignnone size-full wp-image-3937\" src=\"https:\/\/atomiqconsulting.com\/wp-content\/uploads\/2018\/09\/Bahamas5.jpg\" alt=\"\" \/><\/div>\n<div class=\"col-12 col-md-3 col-xl-3\"><img decoding=\"async\" width=\"108\" height=\"65\" class=\"alignnone size-full wp-image-3943\" src=\"https:\/\/atomiqconsulting.com\/wp-content\/uploads\/2018\/09\/Bulgaria6.jpg\" alt=\"\" \/><\/div>\n<div class=\"col-12 col-md-3 col-xl-3\"><img decoding=\"async\" width=\"108\" height=\"65\" class=\"alignnone size-full wp-image-3940\" src=\"https:\/\/atomiqconsulting.com\/wp-content\/uploads\/2018\/09\/Belize7.jpg\" alt=\"\" \/><\/div>\n<div class=\"col-12 col-md-3 col-xl-3\"><img decoding=\"async\" width=\"109\" height=\"65\" class=\"alignnone size-full wp-image-3949\" src=\"https:\/\/atomiqconsulting.com\/wp-content\/uploads\/2018\/09\/Cyprus8.jpg\" alt=\"\" \/><\/div>\n<div class=\"col-12 col-md-3 col-xl-3\"><img decoding=\"async\" width=\"108\" height=\"65\" class=\"alignnone size-full wp-image-3946\" src=\"https:\/\/atomiqconsulting.com\/wp-content\/uploads\/2018\/09\/BVI9.jpg\" alt=\"\" \/><\/div>\n<div class=\"col-12 col-md-3 col-xl-3\"><img decoding=\"async\" width=\"108\" height=\"66\" class=\"alignnone size-full wp-image-3985\" src=\"https:\/\/atomiqconsulting.com\/wp-content\/uploads\/2018\/09\/Malta10.jpg\" alt=\"\" \/><\/div>\n<div class=\"col-12 col-md-3 col-xl-3\"><img decoding=\"async\" width=\"108\" height=\"65\" class=\"alignnone size-full wp-image-3994\" src=\"https:\/\/atomiqconsulting.com\/wp-content\/uploads\/2018\/09\/St11.jpg\" alt=\"\" \/><\/div>\n<div class=\"col-12 col-md-3 col-xl-3\"><img decoding=\"async\" class=\"alignnone size-full wp-image-3994\" src=\"https:\/\/atomiqconsulting.com\/wp-content\/uploads\/2019\/03\/Estonia-flag.jpg\" alt=\"\" \/><\/div>\n<\/div>\n<\/div>\n<\/div>\n<\/div>\n<\/div>\n<\/div>\n<\/div>\n<div class=\"container-fluid questions\">\n<div class=\"container\">\n<div class=\"row\">\n<div class=\"col-12 col-xl-12\">\n<div class=\"content-wrapper\">\n<h2>Devisenmakler zum Verkauf<\/h2>\n<p>Aufgrund unseres globalen Portfolios von Maklern, Technologieunternehmen und Beratern sind wir in der Lage, mehrere Devisenmakler zum Verkauf anzubieten. Unsere Angebote reichen von FCA, CySec und Offshore-Maklern zum Verkauf.<\/p>\n<p>Wenn Sie dar\u00fcber hinaus einen Devisenmakler, Technologie, eine Website oder andere Dienstleistungen verkaufen m\u00f6chten, k\u00f6nnen wir Ihnen beim Verkaufen behilflich sein.<\/p>\n<div class=\"btn-wrapper\"><a href=\"https:\/\/atomiqconsulting.com\/contact\/\" target=\"_blank\" rel=\"noopener noreferrer\">HEUTE LERNEN<\/a><\/div>\n<\/div>\n<\/div>\n<\/div>\n<\/div>\n<\/div>\n<div class=\"container-fluid header-block\">\n<div class=\"row justify-content-center\">\n<div class=\"col-12 col-md-12 col-lg-12 col-xl-12 text-wrapper\">\n<h2>Atomiq Consulting<\/h2>\n<h3><span style=\"font-weight: 400;\">Atomiq Consulting &#8211; Devisenl\u00f6sungen von \u0410 bis Z<\/span><\/h3>\n<div class=\"button-wrapper\">\n<div class=\"row\">\n<div class=\"col-md-12 col-xl-6\"><a href=\"https:\/\/api.whatsapp.com\/send?phone=447307815474\" target=\"_blank\" rel=\"noopener noreferrer\">WhatsApp<\/a><\/div>\n<div class=\"col-md-12 col-xl-6\"><a href=\"https:\/\/t.me\/atomiqconsulting\" target=\"_blank\" rel=\"noopener noreferrer\">Telegram<\/a><\/div>\n<\/div>\n<\/div>\n<\/div>\n<\/div>\n<\/div>\n<p>[\/vc_column_text][\/vc_column][\/vc_row]<\/p>\n<\/div>","protected":false},"excerpt":{"rendered":"<p>[vc_row full_width=&#8221;stretch_row_content_no_spaces&#8221; css=&#8221;div#breadcrumbs{display: none;}.vc_custom_1537198744239{margin-top: 0px !important;}&#8221;][vc_column][vc_column_text css=&#8221;.vc_custom_1537272612759{margin-right: 0px !important;}&#8221;] Beraterdienste f\u00fcr Devisenmakler Lizenzdienste f\u00fcr Devisenmakler \u2013 FCA, EU, Offshore MT4\/MT5-White-Labels, [&hellip;]<\/p>\n","protected":false},"author":4,"featured_media":0,"parent":0,"menu_order":0,"comment_status":"closed","ping_status":"closed","template":"","meta":{"footnotes":""},"class_list":["post-9600","page","type-page","status-publish","hentry"],"yoast_head":"<!-- This site is optimized with the Yoast SEO plugin v27.4 - https:\/\/yoast.com\/product\/yoast-seo-wordpress\/ -->\n<title>Atomiq Consulting - Devisenl\u00f6sungen von \u0410 bis Z - Atomiq Consulting<\/title>\n<meta name=\"robots\" content=\"index, follow, max-snippet:-1, max-image-preview:large, max-video-preview:-1\" \/>\n<link rel=\"canonical\" href=\"https:\/\/atomiqconsulting.com\/de\/main\/\" \/>\n<meta property=\"og:locale\" content=\"de_DE\" \/>\n<meta property=\"og:type\" content=\"article\" \/>\n<meta property=\"og:title\" content=\"Atomiq Consulting - Devisenl\u00f6sungen von \u0410 bis Z - Atomiq Consulting\" \/>\n<meta property=\"og:description\" content=\"[vc_row full_width=&#8221;stretch_row_content_no_spaces&#8221; css=&#8221;div#breadcrumbs{display: none;}.vc_custom_1537198744239{margin-top: 0px !important;}&#8221;][vc_column][vc_column_text css=&#8221;.vc_custom_1537272612759{margin-right: 0px !important;}&#8221;] Beraterdienste f\u00fcr Devisenmakler Lizenzdienste f\u00fcr Devisenmakler \u2013 FCA, EU, Offshore MT4\/MT5-White-Labels, [&hellip;]\" \/>\n<meta property=\"og:url\" content=\"https:\/\/atomiqconsulting.com\/de\/main\/\" \/>\n<meta property=\"og:site_name\" content=\"Atomiq Consulting\" \/>\n<meta property=\"article:modified_time\" content=\"2025-10-02T17:40:52+00:00\" \/>\n<meta property=\"og:image\" content=\"https:\/\/atomiqconsulting.com\/wp-content\/uploads\/2018\/09\/icon1.png\" \/>\n\t<meta property=\"og:image:width\" content=\"60\" \/>\n\t<meta property=\"og:image:height\" content=\"58\" \/>\n\t<meta property=\"og:image:type\" content=\"image\/png\" \/>\n<meta name=\"twitter:card\" content=\"summary_large_image\" \/>\n<meta name=\"twitter:label1\" content=\"Gesch\u00e4tzte Lesezeit\" \/>\n\t<meta name=\"twitter:data1\" content=\"6\u00a0Minuten\" \/>\n<script type=\"application\/ld+json\" class=\"yoast-schema-graph\">{\"@context\":\"https:\\\/\\\/schema.org\",\"@graph\":[{\"@type\":\"WebPage\",\"@id\":\"https:\\\/\\\/atomiqconsulting.com\\\/de\\\/main\\\/\",\"url\":\"https:\\\/\\\/atomiqconsulting.com\\\/de\\\/main\\\/\",\"name\":\"Atomiq Consulting - Devisenl\u00f6sungen von \u0410 bis Z - Atomiq Consulting\",\"isPartOf\":{\"@id\":\"https:\\\/\\\/atomiqconsulting.com\\\/de\\\/#website\"},\"primaryImageOfPage\":{\"@id\":\"https:\\\/\\\/atomiqconsulting.com\\\/de\\\/main\\\/#primaryimage\"},\"image\":{\"@id\":\"https:\\\/\\\/atomiqconsulting.com\\\/de\\\/main\\\/#primaryimage\"},\"thumbnailUrl\":\"https:\\\/\\\/atomiqconsulting.com\\\/wp-content\\\/uploads\\\/2018\\\/09\\\/icon1.png\",\"datePublished\":\"2020-05-06T20:57:24+00:00\",\"dateModified\":\"2025-10-02T17:40:52+00:00\",\"breadcrumb\":{\"@id\":\"https:\\\/\\\/atomiqconsulting.com\\\/de\\\/main\\\/#breadcrumb\"},\"inLanguage\":\"de\",\"potentialAction\":[{\"@type\":\"ReadAction\",\"target\":[\"https:\\\/\\\/atomiqconsulting.com\\\/de\\\/main\\\/\"]}]},{\"@type\":\"ImageObject\",\"inLanguage\":\"de\",\"@id\":\"https:\\\/\\\/atomiqconsulting.com\\\/de\\\/main\\\/#primaryimage\",\"url\":\"https:\\\/\\\/atomiqconsulting.com\\\/wp-content\\\/uploads\\\/2018\\\/09\\\/icon1.png\",\"contentUrl\":\"https:\\\/\\\/atomiqconsulting.com\\\/wp-content\\\/uploads\\\/2018\\\/09\\\/icon1.png\"},{\"@type\":\"BreadcrumbList\",\"@id\":\"https:\\\/\\\/atomiqconsulting.com\\\/de\\\/main\\\/#breadcrumb\",\"itemListElement\":[{\"@type\":\"ListItem\",\"position\":1,\"name\":\"Home\",\"item\":\"https:\\\/\\\/atomiqconsulting.com\\\/\"},{\"@type\":\"ListItem\",\"position\":2,\"name\":\"Atomiq Consulting &#8211; Devisenl\u00f6sungen von \u0410 bis Z\"}]},{\"@type\":\"WebSite\",\"@id\":\"https:\\\/\\\/atomiqconsulting.com\\\/de\\\/#website\",\"url\":\"https:\\\/\\\/atomiqconsulting.com\\\/de\\\/\",\"name\":\"Atomiq Consulting\",\"description\":\"Forex Broker Licensing &amp; Prop Firm Setup\",\"potentialAction\":[{\"@type\":\"SearchAction\",\"target\":{\"@type\":\"EntryPoint\",\"urlTemplate\":\"https:\\\/\\\/atomiqconsulting.com\\\/de\\\/?s={search_term_string}\"},\"query-input\":{\"@type\":\"PropertyValueSpecification\",\"valueRequired\":true,\"valueName\":\"search_term_string\"}}],\"inLanguage\":\"de\"}]}<\/script>\n<!-- \/ Yoast SEO plugin. -->","yoast_head_json":{"title":"Atomiq Consulting - Devisenl\u00f6sungen von \u0410 bis Z - Atomiq Consulting","robots":{"index":"index","follow":"follow","max-snippet":"max-snippet:-1","max-image-preview":"max-image-preview:large","max-video-preview":"max-video-preview:-1"},"canonical":"https:\/\/atomiqconsulting.com\/de\/main\/","og_locale":"de_DE","og_type":"article","og_title":"Atomiq Consulting - Devisenl\u00f6sungen von \u0410 bis Z - Atomiq Consulting","og_description":"[vc_row full_width=&#8221;stretch_row_content_no_spaces&#8221; css=&#8221;div#breadcrumbs{display: none;}.vc_custom_1537198744239{margin-top: 0px !important;}&#8221;][vc_column][vc_column_text css=&#8221;.vc_custom_1537272612759{margin-right: 0px !important;}&#8221;] Beraterdienste f\u00fcr Devisenmakler Lizenzdienste f\u00fcr Devisenmakler \u2013 FCA, EU, Offshore MT4\/MT5-White-Labels, [&hellip;]","og_url":"https:\/\/atomiqconsulting.com\/de\/main\/","og_site_name":"Atomiq Consulting","article_modified_time":"2025-10-02T17:40:52+00:00","og_image":[{"width":60,"height":58,"url":"https:\/\/atomiqconsulting.com\/wp-content\/uploads\/2018\/09\/icon1.png","type":"image\/png"}],"twitter_card":"summary_large_image","twitter_misc":{"Gesch\u00e4tzte Lesezeit":"6\u00a0Minuten"},"schema":{"@context":"https:\/\/schema.org","@graph":[{"@type":"WebPage","@id":"https:\/\/atomiqconsulting.com\/de\/main\/","url":"https:\/\/atomiqconsulting.com\/de\/main\/","name":"Atomiq Consulting - Devisenl\u00f6sungen von \u0410 bis Z - Atomiq Consulting","isPartOf":{"@id":"https:\/\/atomiqconsulting.com\/de\/#website"},"primaryImageOfPage":{"@id":"https:\/\/atomiqconsulting.com\/de\/main\/#primaryimage"},"image":{"@id":"https:\/\/atomiqconsulting.com\/de\/main\/#primaryimage"},"thumbnailUrl":"https:\/\/atomiqconsulting.com\/wp-content\/uploads\/2018\/09\/icon1.png","datePublished":"2020-05-06T20:57:24+00:00","dateModified":"2025-10-02T17:40:52+00:00","breadcrumb":{"@id":"https:\/\/atomiqconsulting.com\/de\/main\/#breadcrumb"},"inLanguage":"de","potentialAction":[{"@type":"ReadAction","target":["https:\/\/atomiqconsulting.com\/de\/main\/"]}]},{"@type":"ImageObject","inLanguage":"de","@id":"https:\/\/atomiqconsulting.com\/de\/main\/#primaryimage","url":"https:\/\/atomiqconsulting.com\/wp-content\/uploads\/2018\/09\/icon1.png","contentUrl":"https:\/\/atomiqconsulting.com\/wp-content\/uploads\/2018\/09\/icon1.png"},{"@type":"BreadcrumbList","@id":"https:\/\/atomiqconsulting.com\/de\/main\/#breadcrumb","itemListElement":[{"@type":"ListItem","position":1,"name":"Home","item":"https:\/\/atomiqconsulting.com\/"},{"@type":"ListItem","position":2,"name":"Atomiq Consulting &#8211; Devisenl\u00f6sungen von \u0410 bis Z"}]},{"@type":"WebSite","@id":"https:\/\/atomiqconsulting.com\/de\/#website","url":"https:\/\/atomiqconsulting.com\/de\/","name":"Atomiq Consulting","description":"Forex Broker Licensing &amp; Prop Firm Setup","potentialAction":[{"@type":"SearchAction","target":{"@type":"EntryPoint","urlTemplate":"https:\/\/atomiqconsulting.com\/de\/?s={search_term_string}"},"query-input":{"@type":"PropertyValueSpecification","valueRequired":true,"valueName":"search_term_string"}}],"inLanguage":"de"}]}},"post_type":"page","author_name":"Atomiq Consulting","_links":{"self":[{"href":"https:\/\/atomiqconsulting.com\/de\/wp-json\/wp\/v2\/pages\/9600","targetHints":{"allow":["GET"]}}],"collection":[{"href":"https:\/\/atomiqconsulting.com\/de\/wp-json\/wp\/v2\/pages"}],"about":[{"href":"https:\/\/atomiqconsulting.com\/de\/wp-json\/wp\/v2\/types\/page"}],"author":[{"embeddable":true,"href":"https:\/\/atomiqconsulting.com\/de\/wp-json\/wp\/v2\/users\/4"}],"replies":[{"embeddable":true,"href":"https:\/\/atomiqconsulting.com\/de\/wp-json\/wp\/v2\/comments?post=9600"}],"version-history":[{"count":10,"href":"https:\/\/atomiqconsulting.com\/de\/wp-json\/wp\/v2\/pages\/9600\/revisions"}],"predecessor-version":[{"id":18243,"href":"https:\/\/atomiqconsulting.com\/de\/wp-json\/wp\/v2\/pages\/9600\/revisions\/18243"}],"wp:attachment":[{"href":"https:\/\/atomiqconsulting.com\/de\/wp-json\/wp\/v2\/media?parent=9600"}],"curies":[{"name":"wp","href":"https:\/\/api.w.org\/{rel}","templated":true}]}}